

{"id":192,"date":"2025-03-01T18:56:06","date_gmt":"2025-03-01T17:56:06","guid":{"rendered":"https:\/\/selbaacrobatics.hu\/site\/?page_id=192"},"modified":"2025-08-10T17:11:00","modified_gmt":"2025-08-10T15:11:00","slug":"arak","status":"publish","type":"page","link":"https:\/\/selbaacrobatics.hu\/site\/arak\/","title":{"rendered":"\u00c1rak"},"content":{"rendered":"<div id=\"fb-root\"><\/div>\n<h3 style=\"text-align: justify;\">\u00c1rak (2025 Szeptembert\u0151l)<\/h3>\n<p style=\"text-align: justify;\"><strong>Egy alkalom:<\/strong> 4.500,- Ft \/ f\u0151<br \/>\n<strong>\u00d6talkalmas b\u00e9rlet:<\/strong> 20.000 Ft \/ f\u0151 (egy h\u00f3napig lej\u00e1rhat\u00f3)<br \/>\n<strong>T\u00edzalkalmas b\u00e9rlet:<\/strong> 35.000 Ft \/ f\u0151 (egy h\u00f3napig lej\u00e1rhat\u00f3)<\/p>\n<p style=\"text-align: justify;\">Ne hagyd ki ezt a fantasztikus lehet\u0151s\u00e9get, hogy megismerd az akrobatik\u00e1t \u00e9s fejl\u0151dj profi edz\u0151ink seg\u00edts\u00e9g\u00e9vel! B\u00e1rmilyen k\u00e9rd\u00e9s eset\u00e9n \u00e1llunk rendelkez\u00e9sedre. Szeretettel v\u00e1runk a Selba Acrobatics-n\u00e1l!<\/p>\n<hr \/>\n\n    <style type=\"text\/css\">\n        body #wp-gallery5 .wp-gallery-item .wp-gallery-image a:hover{\n            background-color:#64ace0        }\n        body #wp-gallery5 .wp-gallery-item{\n            width:25%;\n            margin:0;\n            padding:15px;\n            max-width:none;\n            height:auto;\n        }\n\n    <\/style>\n\n    <div id=\"wp-gallery5\">\n        <div class=\"wp-gallery-content\">\n                            <div class=\"wp-gallery-item\">\n                    <div class=\"wp-gallery-image\">\n                                                        <a href=\"https:\/\/selbaacrobatics.hu\/site\/wp-content\/uploads\/2025\/03\/balance_torna_center_04.jpg\" rel=\"prettyPhoto[5]\">\n                                                <img decoding=\"async\" src=\"https:\/\/selbaacrobatics.hu\/site\/wp-content\/plugins\/tz-plus-gallery\/images\/plusgallery\/square.png\"  alt=\"\" style=\"background:url(https:\/\/selbaacrobatics.hu\/site\/wp-content\/uploads\/2025\/03\/balance_torna_center_04.jpg) no-repeat scroll 50% 50% \/ cover;\"\/>\n                                                    <\/a>\n                                                                    <\/div>\n                <\/div>\n                            <div class=\"wp-gallery-item\">\n                    <div class=\"wp-gallery-image\">\n                                                        <a href=\"https:\/\/selbaacrobatics.hu\/site\/wp-content\/uploads\/2025\/03\/balance_torna_center_03.jpg\" rel=\"prettyPhoto[5]\">\n                                                <img decoding=\"async\" src=\"https:\/\/selbaacrobatics.hu\/site\/wp-content\/plugins\/tz-plus-gallery\/images\/plusgallery\/square.png\"  alt=\"\" style=\"background:url(https:\/\/selbaacrobatics.hu\/site\/wp-content\/uploads\/2025\/03\/balance_torna_center_03.jpg) no-repeat scroll 50% 50% \/ cover;\"\/>\n                                                    <\/a>\n                                                                    <\/div>\n                <\/div>\n                            <div class=\"wp-gallery-item\">\n                    <div class=\"wp-gallery-image\">\n                                                        <a href=\"https:\/\/selbaacrobatics.hu\/site\/wp-content\/uploads\/2025\/03\/balance_torna_center_02.jpg\" rel=\"prettyPhoto[5]\">\n                                                <img decoding=\"async\" src=\"https:\/\/selbaacrobatics.hu\/site\/wp-content\/plugins\/tz-plus-gallery\/images\/plusgallery\/square.png\"  alt=\"\" style=\"background:url(https:\/\/selbaacrobatics.hu\/site\/wp-content\/uploads\/2025\/03\/balance_torna_center_02.jpg) no-repeat scroll 50% 50% \/ cover;\"\/>\n                                                    <\/a>\n                                                                    <\/div>\n                <\/div>\n                            <div class=\"wp-gallery-item\">\n                    <div class=\"wp-gallery-image\">\n                                                        <a href=\"https:\/\/selbaacrobatics.hu\/site\/wp-content\/uploads\/2025\/03\/balance_torna_center_01.jpg\" rel=\"prettyPhoto[5]\">\n                                                <img decoding=\"async\" src=\"https:\/\/selbaacrobatics.hu\/site\/wp-content\/plugins\/tz-plus-gallery\/images\/plusgallery\/square.png\"  alt=\"\" style=\"background:url(https:\/\/selbaacrobatics.hu\/site\/wp-content\/uploads\/2025\/03\/balance_torna_center_01.jpg) no-repeat scroll 50% 50% \/ cover;\"\/>\n                                                    <\/a>\n                                                                    <\/div>\n                <\/div>\n                    <\/div>\n    <\/div>\n\n    <script type=\"text\/javascript\">\n        jQuery(document).ready(function(){\n            jQuery(\"a[rel^='prettyPhoto']\").prettyPhoto({\n                social_tools:''\n            });\n        })\n    <\/script>\n\n \t  \n","protected":false},"excerpt":{"rendered":"<p>\u00c1rak (2025 Szeptembert\u0151l) Egy alkalom: 4.500,- Ft \/ f\u0151 \u00d6talkalmas b\u00e9rlet: 20.000 Ft \/ f\u0151 (egy h\u00f3napig lej\u00e1rhat\u00f3) T\u00edzalkalmas b\u00e9rlet: 35.000 Ft \/ f\u0151 (egy h\u00f3napig lej\u00e1rhat\u00f3) Ne hagyd ki ezt a fantasztikus lehet\u0151s\u00e9get, hogy megismerd az akrobatik\u00e1t \u00e9s fejl\u0151dj profi edz\u0151ink seg\u00edts\u00e9g\u00e9vel! B\u00e1rmilyen k\u00e9rd\u00e9s eset\u00e9n \u00e1llunk rendelkez\u00e9sedre. Szeretettel v\u00e1runk a Selba Acrobatics-n\u00e1l!<\/p>\n","protected":false},"author":1,"featured_media":0,"parent":0,"menu_order":4,"comment_status":"closed","ping_status":"closed","template":"template-full-width.php","meta":{"footnotes":""},"class_list":["post-192","page","type-page","status-publish","hentry"],"_links":{"self":[{"href":"https:\/\/selbaacrobatics.hu\/site\/wp-json\/wp\/v2\/pages\/192","targetHints":{"allow":["GET"]}}],"collection":[{"href":"https:\/\/selbaacrobatics.hu\/site\/wp-json\/wp\/v2\/pages"}],"about":[{"href":"https:\/\/selbaacrobatics.hu\/site\/wp-json\/wp\/v2\/types\/page"}],"author":[{"embeddable":true,"href":"https:\/\/selbaacrobatics.hu\/site\/wp-json\/wp\/v2\/users\/1"}],"replies":[{"embeddable":true,"href":"https:\/\/selbaacrobatics.hu\/site\/wp-json\/wp\/v2\/comments?post=192"}],"version-history":[{"count":5,"href":"https:\/\/selbaacrobatics.hu\/site\/wp-json\/wp\/v2\/pages\/192\/revisions"}],"predecessor-version":[{"id":264,"href":"https:\/\/selbaacrobatics.hu\/site\/wp-json\/wp\/v2\/pages\/192\/revisions\/264"}],"wp:attachment":[{"href":"https:\/\/selbaacrobatics.hu\/site\/wp-json\/wp\/v2\/media?parent=192"}],"curies":[{"name":"wp","href":"https:\/\/api.w.org\/{rel}","templated":true}]}}