{"id":52,"date":"2025-03-01T11:00:43","date_gmt":"2025-03-01T10:00:43","guid":{"rendered":"https:\/\/selbaacrobatics.hu\/site\/?page_id=52"},"modified":"2025-03-10T13:11:48","modified_gmt":"2025-03-10T12:11:48","slug":"kapcsolat","status":"publish","type":"page","link":"https:\/\/selbaacrobatics.hu\/site\/kapcsolat\/","title":{"rendered":"Kapcsolat"},"content":{"rendered":"<div id=\"fb-root\"><\/div>\n<h3>Kapcsolat<\/h3>\n<p><strong><i class=\"wp-svg-location location\"><\/i> Edz\u00e9sek helysz\u00edne: <\/strong>1116 Budapest, Gyapot utca 9. (Balance Torna Center)<\/p>\n<p><strong><i class=\"wp-svg-location location\"><\/i> Sz\u00e9khely: <\/strong>1141 Budapest, Mogyor\u00f3di \u00fat 145\/B.<\/p>\n<p><strong><i class=\"wp-svg-mobile mobile\"><\/i> Mobil: <\/strong><a href=\"tel:+36704506194\">+36704506194<\/a><\/p>\n<p><strong><i class=\"wp-svg-envelop envelop\"><\/i> E-mail: <\/strong><a href=\"https:\/\/selbaacrobatics.hu\/site\/kapcsolat\/uzenet\/\">selbaacrobatics@gmail.com<\/a><\/p>\n<p><strong><i class=\"wp-svg-facebook facebook\"><\/i> Facebook: <\/strong><a href=\"https:\/\/www.facebook.com\/selbaacrobatics\" target=\"_blank\" rel=\"noopener\">https:\/\/www.facebook.com\/selbaacrobatics<\/a><\/p>\n<p><strong><i class=\"wp-svg-instagram instagram\"><\/i> Instagram: <\/strong><a href=\"https:\/\/www.instagram.com\/selba_acrobatics\/\" target=\"_blank\" rel=\"noopener\">https:\/\/www.instagram.com\/selba_acrobatics\/<\/a><\/p>\n<p><strong><i class=\"wp-svg-tumblr tumblr\"><\/i> Tiktok: <\/strong><a href=\"https:\/\/www.tiktok.com\/@selba_acrobatics\" target=\"_blank\" rel=\"noopener\">https:\/\/www.tiktok.com\/@selba_acrobatics<\/a><\/p>\n<hr \/>\n<p><strong><i class=\"wp-svg-pushpin pushpin\"><\/i> T\u00e9rk\u00e9p:<\/strong><\/p>\n<p><iframe loading=\"lazy\" style=\"border: 0;\" src=\"https:\/\/www.google.com\/maps\/embed?pb=!1m18!1m12!1m3!1d2698.1484530574735!2d19.038530676256716!3d47.44804557117567!2m3!1f0!2f0!3f0!3m2!1i1024!2i768!4f13.1!3m3!1m2!1s0x4741dd831aacf979%3A0x9f6d354d16137729!2sBalance%20Torna%20Center!5e0!3m2!1shu!2shu!4v1740827289459!5m2!1shu!2shu\" width=\"100%\" height=\"450\" allowfullscreen=\"allowfullscreen\"><span data-mce-type=\"bookmark\" style=\"display: inline-block; width: 0px; overflow: hidden; line-height: 0;\" class=\"mce_SELRES_start\">\ufeff<\/span><\/iframe><\/p>\n<hr \/>\n<p><span style=\"font-size: 12pt;\"><div id=\"shailan-subpages-52-1\"><ul class=\"subpages\"><li class=\"page_item page-item-200\"><a href=\"https:\/\/selbaacrobatics.hu\/site\/kapcsolat\/oldalterkep\/\" title=\"Oldalt\u00e9rk\u00e9p\" rel=\"\">Oldalt\u00e9rk\u00e9p<\/a><\/li>\n<li class=\"page_item page-item-3\"><a href=\"https:\/\/selbaacrobatics.hu\/site\/kapcsolat\/adatkezeles\/\" title=\"Adatkezel\u00e9s\" rel=\"\">Adatkezel\u00e9s<\/a><\/li>\n<li class=\"page_item page-item-73\"><a href=\"https:\/\/selbaacrobatics.hu\/site\/kapcsolat\/uzenet\/\" title=\"\u00dczenet\" rel=\"\">\u00dczenet<\/a><\/li>\n<\/ul><\/div><\/span><\/p>\n","protected":false},"excerpt":{"rendered":"<p>Kapcsolat Edz\u00e9sek helysz\u00edne: 1116 Budapest, Gyapot utca 9. (Balance Torna Center) Sz\u00e9khely: 1141 Budapest, Mogyor\u00f3di \u00fat 145\/B. Mobil: +36704506194 E-mail: selbaacrobatics@gmail.com Facebook: https:\/\/www.facebook.com\/selbaacrobatics Instagram: https:\/\/www.instagram.com\/selba_acrobatics\/ Tiktok: https:\/\/www.tiktok.com\/@selba_acrobatics T\u00e9rk\u00e9p: \ufeff<\/p>\n","protected":false},"author":1,"featured_media":0,"parent":0,"menu_order":5,"comment_status":"closed","ping_status":"closed","template":"template-full-width.php","meta":{"footnotes":""},"class_list":["post-52","page","type-page","status-publish","hentry"],"_links":{"self":[{"href":"https:\/\/selbaacrobatics.hu\/site\/wp-json\/wp\/v2\/pages\/52","targetHints":{"allow":["GET"]}}],"collection":[{"href":"https:\/\/selbaacrobatics.hu\/site\/wp-json\/wp\/v2\/pages"}],"about":[{"href":"https:\/\/selbaacrobatics.hu\/site\/wp-json\/wp\/v2\/types\/page"}],"author":[{"embeddable":true,"href":"https:\/\/selbaacrobatics.hu\/site\/wp-json\/wp\/v2\/users\/1"}],"replies":[{"embeddable":true,"href":"https:\/\/selbaacrobatics.hu\/site\/wp-json\/wp\/v2\/comments?post=52"}],"version-history":[{"count":12,"href":"https:\/\/selbaacrobatics.hu\/site\/wp-json\/wp\/v2\/pages\/52\/revisions"}],"predecessor-version":[{"id":241,"href":"https:\/\/selbaacrobatics.hu\/site\/wp-json\/wp\/v2\/pages\/52\/revisions\/241"}],"wp:attachment":[{"href":"https:\/\/selbaacrobatics.hu\/site\/wp-json\/wp\/v2\/media?parent=52"}],"curies":[{"name":"wp","href":"https:\/\/api.w.org\/{rel}","templated":true}]}}