{"id":69,"date":"2025-03-01T11:54:09","date_gmt":"2025-03-01T10:54:09","guid":{"rendered":"https:\/\/selbaacrobatics.hu\/site\/?page_id=69"},"modified":"2026-02-18T10:42:23","modified_gmt":"2026-02-18T09:42:23","slug":"nyari-tabor","status":"publish","type":"page","link":"https:\/\/selbaacrobatics.hu\/site\/nyari-tabor\/","title":{"rendered":"Ny\u00e1ri t\u00e1bor"},"content":{"rendered":"<div id=\"fb-root\"><\/div>\n<h3 style=\"text-align: justify;\">Ny\u00e1ri Akrobatika T\u00e1bor 2026<\/h3>\n<ul>\n<li style=\"text-align: justify;\">Napi k\u00e9t edz\u00e9s. (D\u00e9lel\u0151tt f\u0151edz\u00e9s 9:00-11:30, k\u00e9t edz\u00e9s k\u00f6z\u00f6tt eb\u00e9d \u00e9s pihen\u0151 (szabad j\u00e1t\u00e9k), majd d\u00e9lut\u00e1ni edz\u00e9ssel z\u00e1rul a nap 14:30-16:00<\/li>\n<li style=\"text-align: justify;\">Fizikai \u00e9s koordin\u00e1ci\u00f3s k\u00e9pess\u00e9gek fejleszt\u00e9se. Talaj akrobatika elemek elsaj\u00e1t\u00edt\u00e1sa.<\/li>\n<li style=\"text-align: justify;\">A t\u00e1borok \u00e1ra: 64.900- forint \/ f\u0151. R\u00e9szletfizet\u00e9si ig\u00e9nyt el\u0151re jelezz\u00e9tek<\/li>\n<li style=\"text-align: justify;\">A t\u00e1bor helysz\u00edne: Balance Torna Center &#8211; 1116 Budapest, Gyapot utca 9.<\/li>\n<li style=\"text-align: justify;\">Jelentkez\u00e9s:\n<ul>\n<li style=\"text-align: justify;\">Telefonon: +36 30 581 8369 vagy +36 70 450 6194 telefonsz\u00e1mokon lehet.<\/li>\n<li style=\"text-align: justify;\">E-mailen: selbaacrobatics@gmail.com<\/li>\n<\/ul>\n<\/li>\n<li>A Jelentkez\u00e9st az el\u0151leg (30 000 Ft) elutal\u00e1s\u00e1t k\u00f6vet\u0151en tudjuk v\u00e9gleges\u00edteni.<\/li>\n<li>A t\u00e1borok l\u00e9tsz\u00e1ma limit\u00e1lt, \u00edgy \u00e9rdemes id\u0151ben jelentkezni.<\/li>\n<\/ul>\n<hr \/>\n<p><img loading=\"lazy\" decoding=\"async\" class=\"alignnone wp-image-286\" src=\"https:\/\/selbaacrobatics.hu\/site\/wp-content\/uploads\/2025\/03\/Black-Pink-and-White-Modern-Dance-Classes-Promotion-Instagram-Post-240x300.jpg\" alt=\"\" width=\"849\" height=\"1061\" srcset=\"https:\/\/selbaacrobatics.hu\/site\/wp-content\/uploads\/2025\/03\/Black-Pink-and-White-Modern-Dance-Classes-Promotion-Instagram-Post-240x300.jpg 240w, https:\/\/selbaacrobatics.hu\/site\/wp-content\/uploads\/2025\/03\/Black-Pink-and-White-Modern-Dance-Classes-Promotion-Instagram-Post-819x1024.jpg 819w, https:\/\/selbaacrobatics.hu\/site\/wp-content\/uploads\/2025\/03\/Black-Pink-and-White-Modern-Dance-Classes-Promotion-Instagram-Post-768x960.jpg 768w, https:\/\/selbaacrobatics.hu\/site\/wp-content\/uploads\/2025\/03\/Black-Pink-and-White-Modern-Dance-Classes-Promotion-Instagram-Post.jpg 1080w\" sizes=\"auto, (max-width: 849px) 100vw, 849px\" \/><\/p>\n<hr \/>\n<p style=\"text-align: justify;\">Sok szeretettel v\u00e1rjuk a sportolni v\u00e1gy\u00f3 fiatalokat ny\u00e1ri edz\u0151t\u00e1borainkba. A t\u00e1bor c\u00e9lja a gyerekek fizikai er\u0151nl\u00e9t\u00e9nek \u00e9s koordin\u00e1ci\u00f3s k\u00e9pess\u00e9geinek fejleszt\u00e9se, egy j\u00f3 hangulat\u00fa, csal\u00e1dias k\u00f6rnyezet\u0171 edz\u00e9s keretein bel\u00fcl. A t\u00e1boroz\u00f3kat egy speci\u00e1lisan felszerelt tornaterem v\u00e1rja, ahol minden felt\u00e9tel adott a garant\u00e1lt fejl\u0151d\u00e9shez (szivacsg\u00f6d\u00f6r, airtrack, gumiasztal, rug\u00f3s talaj, tornaszerek)<\/p>\n<p style=\"text-align: justify;\">A sportol\u00f3 gyerekek fogad\u00e1si id\u0151pontja: 08:15 \u00f3r\u00e1t\u00f3l, valamint 16:30-ig tudj\u00e1k a gyerekeket elhozni.<\/p>\n<p style=\"text-align: justify;\">A t\u00e1bort \u00f6t\u00e9ves kort\u00f3l aj\u00e1nljuk, fi\u00fakat, l\u00e1nyokat v\u00e1rjuk egyar\u00e1nt.<\/p>\n<p>Felmer\u00fcl\u0151 k\u00e9rd\u00e9s eset\u00e9n, \u00e1llunk rendelkez\u00e9setekre, b\u00e1rmelyik el\u00e9rhet\u0151s\u00e9g\u00fcnk\u00f6n.<\/p>\n<p>Selba Acrobatics<\/p>\n<p>Selmeczi B\u00e1nk<\/p>\n<p>Babos \u00c1d\u00e1m<\/p>\n","protected":false},"excerpt":{"rendered":"<p>Ny\u00e1ri Akrobatika T\u00e1bor 2026 Napi k\u00e9t edz\u00e9s. (D\u00e9lel\u0151tt f\u0151edz\u00e9s 9:00-11:30, k\u00e9t edz\u00e9s k\u00f6z\u00f6tt eb\u00e9d \u00e9s pihen\u0151 (szabad j\u00e1t\u00e9k), majd d\u00e9lut\u00e1ni edz\u00e9ssel z\u00e1rul a nap 14:30-16:00 Fizikai \u00e9s koordin\u00e1ci\u00f3s k\u00e9pess\u00e9gek fejleszt\u00e9se. Talaj akrobatika elemek elsaj\u00e1t\u00edt\u00e1sa. A t\u00e1borok \u00e1ra: 64.900- forint \/ f\u0151. R\u00e9szletfizet\u00e9si ig\u00e9nyt el\u0151re jelezz\u00e9tek A t\u00e1bor helysz\u00edne: Balance Torna Center &#8211; 1116 Budapest, Gyapot [&hellip;]<\/p>\n","protected":false},"author":1,"featured_media":0,"parent":0,"menu_order":2,"comment_status":"closed","ping_status":"closed","template":"template-full-width.php","meta":{"footnotes":""},"class_list":["post-69","page","type-page","status-publish","hentry"],"_links":{"self":[{"href":"https:\/\/selbaacrobatics.hu\/site\/wp-json\/wp\/v2\/pages\/69","targetHints":{"allow":["GET"]}}],"collection":[{"href":"https:\/\/selbaacrobatics.hu\/site\/wp-json\/wp\/v2\/pages"}],"about":[{"href":"https:\/\/selbaacrobatics.hu\/site\/wp-json\/wp\/v2\/types\/page"}],"author":[{"embeddable":true,"href":"https:\/\/selbaacrobatics.hu\/site\/wp-json\/wp\/v2\/users\/1"}],"replies":[{"embeddable":true,"href":"https:\/\/selbaacrobatics.hu\/site\/wp-json\/wp\/v2\/comments?post=69"}],"version-history":[{"count":10,"href":"https:\/\/selbaacrobatics.hu\/site\/wp-json\/wp\/v2\/pages\/69\/revisions"}],"predecessor-version":[{"id":291,"href":"https:\/\/selbaacrobatics.hu\/site\/wp-json\/wp\/v2\/pages\/69\/revisions\/291"}],"wp:attachment":[{"href":"https:\/\/selbaacrobatics.hu\/site\/wp-json\/wp\/v2\/media?parent=69"}],"curies":[{"name":"wp","href":"https:\/\/api.w.org\/{rel}","templated":true}]}}