{"id":71,"date":"2025-03-01T11:55:13","date_gmt":"2025-03-01T10:55:13","guid":{"rendered":"https:\/\/selbaacrobatics.hu\/site\/?page_id=71"},"modified":"2025-03-01T19:00:02","modified_gmt":"2025-03-01T18:00:02","slug":"orarend","status":"publish","type":"page","link":"https:\/\/selbaacrobatics.hu\/site\/orarend\/","title":{"rendered":"\u00d3rarend"},"content":{"rendered":"<div id=\"fb-root\"><\/div>\n<h3 style=\"text-align: justify;\">\u00d3rarend<\/h3>\n<p style=\"text-align: justify;\">Az edz\u00e9sek minden koroszt\u00e1ly sz\u00e1m\u00e1ra nyitottak, \u00f6t\u00e9ves kort\u00f3l b\u00e1rki csatlakozhat, nemt\u0151l \u00e9s tud\u00e1sszintt\u0151l f\u00fcggetlen\u00fcl. Nem sz\u00fcks\u00e9ges el\u0151zetes bejelentkez\u00e9s. B\u00e1rmikor csatlakozhatsz egy edz\u00e9shez, csak gyere el \u00e9s kezdj el fejl\u0151dni vel\u00fcnk!<\/p>\n\n<table id=\"tablepress-1\" class=\"tablepress tablepress-id-1\">\n<thead>\n<tr class=\"row-1 odd\">\n\t<th class=\"column-1\"><div>Id\u0151pont<\/div><\/th><th class=\"column-2\"><div><div align=\"center\">H<\/div><\/div><\/th><th class=\"column-3\"><div><div align=\"center\">K<\/div><\/div><\/th><th class=\"column-4\"><div><div align=\"center\">Sze<\/div><\/div><\/th><th class=\"column-5\"><div><div align=\"center\">Cs<\/div><\/div><\/th><th class=\"column-6\"><div><div align=\"center\">P<\/div><\/div><\/th><th class=\"column-7\"><div><div align=\"center\">Szo<\/div><\/div><\/th>\n<\/tr>\n<\/thead>\n<tbody class=\"row-hover\">\n<tr class=\"row-2 even\">\n\t<td class=\"column-1\">09:00-10:30<\/td><td class=\"column-2\"><div align=\"center\">-<\/div><\/td><td class=\"column-3\"><div align=\"center\">-<\/div><\/td><td class=\"column-4\"><div align=\"center\">-<\/div><\/td><td class=\"column-5\"><div align=\"center\">-<\/div><\/td><td class=\"column-6\"><div align=\"center\">-<\/div><\/td><td class=\"column-7\"><div align=\"center\">Kezd\u0151 csoport<\/div><\/td>\n<\/tr>\n<tr class=\"row-3 odd\">\n\t<td class=\"column-1\">10:30-12:00<\/td><td class=\"column-2\"><div align=\"center\">-<\/div><\/td><td class=\"column-3\"><div align=\"center\">-<\/div><\/td><td class=\"column-4\"><div align=\"center\">-<\/div><\/td><td class=\"column-5\"><div align=\"center\">-<\/div><\/td><td class=\"column-6\"><div align=\"center\">-<\/div><\/td><td class=\"column-7\"><div align=\"center\">Halad\u00f3 csoport<\/div><\/td>\n<\/tr>\n<tr class=\"row-4 even\">\n\t<td class=\"column-1\">18:00-19:30<\/td><td class=\"column-2\"><div align=\"center\">Vegyes csoport<\/div><\/td><td class=\"column-3\"><div align=\"center\">Vegyes csoport<\/div><\/td><td class=\"column-4\"><div align=\"center\">Vegyes csoport<\/div><\/td><td class=\"column-5\"><div align=\"center\">Vegyes csoport<\/div><\/td><td class=\"column-6\"><div align=\"center\">Vegyes csoport<\/div><\/td><td class=\"column-7\"><div align=\"center\">-<\/div><\/td>\n<\/tr>\n<\/tbody>\n<\/table>\n<!-- #tablepress-1 from cache -->\n","protected":false},"excerpt":{"rendered":"<p>\u00d3rarend Az edz\u00e9sek minden koroszt\u00e1ly sz\u00e1m\u00e1ra nyitottak, \u00f6t\u00e9ves kort\u00f3l b\u00e1rki csatlakozhat, nemt\u0151l \u00e9s tud\u00e1sszintt\u0151l f\u00fcggetlen\u00fcl. Nem sz\u00fcks\u00e9ges el\u0151zetes bejelentkez\u00e9s. B\u00e1rmikor csatlakozhatsz egy edz\u00e9shez, csak gyere el \u00e9s kezdj el fejl\u0151dni vel\u00fcnk!<\/p>\n","protected":false},"author":1,"featured_media":0,"parent":0,"menu_order":3,"comment_status":"closed","ping_status":"closed","template":"template-full-width.php","meta":{"footnotes":""},"class_list":["post-71","page","type-page","status-publish","hentry"],"_links":{"self":[{"href":"https:\/\/selbaacrobatics.hu\/site\/wp-json\/wp\/v2\/pages\/71","targetHints":{"allow":["GET"]}}],"collection":[{"href":"https:\/\/selbaacrobatics.hu\/site\/wp-json\/wp\/v2\/pages"}],"about":[{"href":"https:\/\/selbaacrobatics.hu\/site\/wp-json\/wp\/v2\/types\/page"}],"author":[{"embeddable":true,"href":"https:\/\/selbaacrobatics.hu\/site\/wp-json\/wp\/v2\/users\/1"}],"replies":[{"embeddable":true,"href":"https:\/\/selbaacrobatics.hu\/site\/wp-json\/wp\/v2\/comments?post=71"}],"version-history":[{"count":4,"href":"https:\/\/selbaacrobatics.hu\/site\/wp-json\/wp\/v2\/pages\/71\/revisions"}],"predecessor-version":[{"id":196,"href":"https:\/\/selbaacrobatics.hu\/site\/wp-json\/wp\/v2\/pages\/71\/revisions\/196"}],"wp:attachment":[{"href":"https:\/\/selbaacrobatics.hu\/site\/wp-json\/wp\/v2\/media?parent=71"}],"curies":[{"name":"wp","href":"https:\/\/api.w.org\/{rel}","templated":true}]}}