{"id":73,"date":"2025-03-01T12:00:05","date_gmt":"2025-03-01T11:00:05","guid":{"rendered":"https:\/\/selbaacrobatics.hu\/site\/?page_id=73"},"modified":"2025-03-02T09:13:21","modified_gmt":"2025-03-02T08:13:21","slug":"uzenet","status":"publish","type":"page","link":"https:\/\/selbaacrobatics.hu\/site\/kapcsolat\/uzenet\/","title":{"rendered":"\u00dczenet"},"content":{"rendered":"<div id=\"fb-root\"><\/div>\n<h3>\u00dczenet<\/h3>\n<p><em>Az al\u00e1bbi \u0171rlap kit\u00f6lt\u00e9s\u00e9vel egyszer\u0171en \u00e9s gyorsan tud \u00fczenetet k\u00fcldeni. A csillaggal (*) jel\u00f6lt mez\u0151k kit\u00f6lt\u00e9se k\u00f6telez\u0151!<\/em><\/p>\n\n<!-- This file should primarily consist of HTML with a little bit of PHP. -->\n<div class=\"app-flo-forms app-flo-forms_86\" data-form_id=\"86\">\n  <form class=\"flo-form\" enctype=\"multipart\/form-data\" >\n    <flo-form v-bind:form_id=\"86\"><\/flo-form>\n    <input type=\"hidden\" name=\"flo_fid\" value=\"86\">\n    <div class=\"flo overlay-loader\">\n      <div class=\"loader\"><div><\/div><div><\/div><div><\/div><div><\/div><div><\/div><div><\/div><div><\/div><\/div>\n    <\/div>\n    <div class=\"flo-response\"><\/div>\n    <div class=\"flo-response-error\"><\/div>\n  <\/form>\n<\/div>\n","protected":false},"excerpt":{"rendered":"<p>\u00dczenet Az al\u00e1bbi \u0171rlap kit\u00f6lt\u00e9s\u00e9vel egyszer\u0171en \u00e9s gyorsan tud \u00fczenetet k\u00fcldeni. A csillaggal (*) jel\u00f6lt mez\u0151k kit\u00f6lt\u00e9se k\u00f6telez\u0151!<\/p>\n","protected":false},"author":1,"featured_media":0,"parent":52,"menu_order":3,"comment_status":"closed","ping_status":"closed","template":"template-full-width.php","meta":{"footnotes":""},"class_list":["post-73","page","type-page","status-publish","hentry"],"_links":{"self":[{"href":"https:\/\/selbaacrobatics.hu\/site\/wp-json\/wp\/v2\/pages\/73","targetHints":{"allow":["GET"]}}],"collection":[{"href":"https:\/\/selbaacrobatics.hu\/site\/wp-json\/wp\/v2\/pages"}],"about":[{"href":"https:\/\/selbaacrobatics.hu\/site\/wp-json\/wp\/v2\/types\/page"}],"author":[{"embeddable":true,"href":"https:\/\/selbaacrobatics.hu\/site\/wp-json\/wp\/v2\/users\/1"}],"replies":[{"embeddable":true,"href":"https:\/\/selbaacrobatics.hu\/site\/wp-json\/wp\/v2\/comments?post=73"}],"version-history":[{"count":4,"href":"https:\/\/selbaacrobatics.hu\/site\/wp-json\/wp\/v2\/pages\/73\/revisions"}],"predecessor-version":[{"id":164,"href":"https:\/\/selbaacrobatics.hu\/site\/wp-json\/wp\/v2\/pages\/73\/revisions\/164"}],"up":[{"embeddable":true,"href":"https:\/\/selbaacrobatics.hu\/site\/wp-json\/wp\/v2\/pages\/52"}],"wp:attachment":[{"href":"https:\/\/selbaacrobatics.hu\/site\/wp-json\/wp\/v2\/media?parent=73"}],"curies":[{"name":"wp","href":"https:\/\/api.w.org\/{rel}","templated":true}]}}